{"id":204,"date":"2019-03-16T09:57:44","date_gmt":"2019-03-16T09:57:44","guid":{"rendered":"https:\/\/demo.pedroferraz.pt\/euroexemplo\/?page_id=204"},"modified":"2026-05-12T11:02:53","modified_gmt":"2026-05-12T11:02:53","slug":"formacao","status":"publish","type":"page","link":"https:\/\/www.euroexemplo.com\/?page_id=204","title":{"rendered":"Forma\u00e7\u00e3o"},"content":{"rendered":"<p>[et_pb_section fb_built=&#8221;1&#8243; fullwidth=&#8221;on&#8221; _builder_version=&#8221;4.16&#8243; locked=&#8221;off&#8221; global_colors_info=&#8221;{}&#8221;][et_pb_fullwidth_header _builder_version=&#8221;4.16&#8243; background_color=&#8221;#ffffff&#8221; background_color_gradient_direction=&#8221;146deg&#8221; background_image=&#8221;https:\/\/www.euroexemplo.com\/novo\/wp-content\/uploads\/2020\/09\/header_2.jpg&#8221; custom_padding=&#8221;||270px|||&#8221; global_colors_info=&#8221;{}&#8221;][\/et_pb_fullwidth_header][\/et_pb_section][et_pb_section fb_built=&#8221;1&#8243; admin_label=&#8221;section&#8221; _builder_version=&#8221;4.16&#8243; background_image=&#8221;https:\/\/www.euroexemplo.com\/novo\/wp-content\/uploads\/2020\/09\/BK_4.png&#8221; background_last_edited=&#8221;on|phone&#8221; background_enable_image_tablet=&#8221;off&#8221; transparent_background=&#8221;off&#8221; global_colors_info=&#8221;{}&#8221;][et_pb_row _builder_version=&#8221;4.16&#8243; custom_padding=&#8221;110px|||||&#8221; global_colors_info=&#8221;{}&#8221;][et_pb_column type=&#8221;4_4&#8243; _builder_version=&#8221;4.16&#8243; global_colors_info=&#8221;{}&#8221;][et_pb_text _builder_version=&#8221;4.16&#8243; custom_margin=&#8221;||0px||false|false&#8221; global_colors_info=&#8221;{}&#8221;]<\/p>\n<h1>Forma\u00e7\u00e3o<\/h1>\n<p>[\/et_pb_text][et_pb_divider divider_weight=&#8221;4px&#8221; _builder_version=&#8221;4.16&#8243; width=&#8221;10%&#8221; custom_margin=&#8221;||0px||false|false&#8221; animation_style=&#8221;zoom&#8221; locked=&#8221;off&#8221; global_colors_info=&#8221;{}&#8221;][\/et_pb_divider][et_pb_text _builder_version=&#8221;4.16&#8243; global_colors_info=&#8221;{}&#8221;]<\/p>\n<p style=\"text-align: justify;\">Aqui poder\u00e1 ter acesso aos cursos que melhor se adaptem ao seu perfil e \u00e0 sua situa\u00e7\u00e3o profissional.<\/p>\n<p style=\"text-align: justify;\">Todos os cursos poder\u00e3o funcionar em hor\u00e1rio laboral desde que possuam numero suficiente de formandos.<\/p>\n<p>[\/et_pb_text][\/et_pb_column][\/et_pb_row][et_pb_row _builder_version=&#8221;4.27.4&#8243; _module_preset=&#8221;default&#8221; column_structure=&#8221;1_3,1_3,1_3&#8243;][et_pb_column _builder_version=&#8221;4.27.4&#8243; _module_preset=&#8221;default&#8221; type=&#8221;1_3&#8243;][et_pb_image src=&#8221;https:\/\/www.euroexemplo.com\/novo\/wp-content\/uploads\/2021\/09\/218861950_359652782336676_7342841994147375523_n-729&#215;1024.jpg&#8221; align=&#8221;center&#8221; _builder_version=&#8221;4.27.4&#8243; hover_enabled=&#8221;0&#8243; global_colors_info=&#8221;{}&#8221; sticky_enabled=&#8221;0&#8243; border_width_all=&#8221;2px&#8221; border_color_all=&#8221;#005999&#8243;][\/et_pb_image][\/et_pb_column][et_pb_column _builder_version=&#8221;4.27.4&#8243; _module_preset=&#8221;default&#8221; type=&#8221;1_3&#8243;][et_pb_image src=&#8221;https:\/\/www.euroexemplo.com\/novo\/wp-content\/uploads\/2026\/05\/PESSOAS-2030-723&#215;1024.png&#8221; url=&#8221;https:\/\/www.euroexemplo.com\/novo\/wp-content\/uploads\/2026\/05\/PESSOAS-2030.pdf&#8221; _builder_version=&#8221;4.27.4&#8243; _module_preset=&#8221;default&#8221; border_width_all=&#8221;2px&#8221; border_color_all=&#8221;#005999&#8243; global_colors_info=&#8221;{}&#8221;][\/et_pb_image][\/et_pb_column][et_pb_column _builder_version=&#8221;4.27.4&#8243; _module_preset=&#8221;default&#8221; type=&#8221;1_3&#8243;][et_pb_image src=&#8221;https:\/\/www.euroexemplo.com\/novo\/wp-content\/uploads\/2026\/05\/Euroexemplo-tecnico-de-aA\u00a7Ao-educativa1-723&#215;1024.jpg&#8221; url=&#8221;https:\/\/www.euroexemplo.com\/novo\/wp-content\/uploads\/2026\/05\/Euroexemplo-tecnico-de-aA\u00a7Ao-educativa1.pdf&#8221; _builder_version=&#8221;4.27.4&#8243; _module_preset=&#8221;default&#8221; border_width_all=&#8221;2px&#8221; border_color_all=&#8221;#005999&#8243; global_colors_info=&#8221;{}&#8221;][\/et_pb_image][\/et_pb_column][\/et_pb_row][\/et_pb_section]<\/p>\n","protected":false},"excerpt":{"rendered":"<p>Forma\u00e7\u00e3oAqui poder\u00e1 ter acesso aos cursos que melhor se adaptem ao seu perfil e \u00e0 sua situa\u00e7\u00e3o profissional. Todos os cursos poder\u00e3o funcionar em hor\u00e1rio laboral desde que possuam numero suficiente de formandos.<\/p>\n","protected":false},"author":1,"featured_media":0,"parent":0,"menu_order":0,"comment_status":"closed","ping_status":"closed","template":"","meta":{"_et_pb_use_builder":"on","_et_pb_old_content":"","_et_gb_content_width":"","footnotes":""},"class_list":["post-204","page","type-page","status-publish","hentry"],"_links":{"self":[{"href":"https:\/\/www.euroexemplo.com\/index.php?rest_route=\/wp\/v2\/pages\/204","targetHints":{"allow":["GET"]}}],"collection":[{"href":"https:\/\/www.euroexemplo.com\/index.php?rest_route=\/wp\/v2\/pages"}],"about":[{"href":"https:\/\/www.euroexemplo.com\/index.php?rest_route=\/wp\/v2\/types\/page"}],"author":[{"embeddable":true,"href":"https:\/\/www.euroexemplo.com\/index.php?rest_route=\/wp\/v2\/users\/1"}],"replies":[{"embeddable":true,"href":"https:\/\/www.euroexemplo.com\/index.php?rest_route=%2Fwp%2Fv2%2Fcomments&post=204"}],"version-history":[{"count":25,"href":"https:\/\/www.euroexemplo.com\/index.php?rest_route=\/wp\/v2\/pages\/204\/revisions"}],"predecessor-version":[{"id":556,"href":"https:\/\/www.euroexemplo.com\/index.php?rest_route=\/wp\/v2\/pages\/204\/revisions\/556"}],"wp:attachment":[{"href":"https:\/\/www.euroexemplo.com\/index.php?rest_route=%2Fwp%2Fv2%2Fmedia&parent=204"}],"curies":[{"name":"wp","href":"https:\/\/api.w.org\/{rel}","templated":true}]}}