{"id":389,"date":"2020-09-02T10:15:56","date_gmt":"2020-09-02T10:15:56","guid":{"rendered":"https:\/\/demo.pedroferraz.pt\/euroexemplo\/?page_id=389"},"modified":"2020-09-02T14:41:01","modified_gmt":"2020-09-02T14:41:01","slug":"missao","status":"publish","type":"page","link":"https:\/\/www.euroexemplo.com\/?page_id=389","title":{"rendered":"Miss\u00e3o"},"content":{"rendered":"<p>[et_pb_section fb_built=&#8221;1&#8243; fullwidth=&#8221;on&#8221; _builder_version=&#8221;4.4.8&#8243;][et_pb_fullwidth_header _builder_version=&#8221;4.4.8&#8243; background_color=&#8221;#ffffff&#8221; background_color_gradient_direction=&#8221;146deg&#8221; background_image=&#8221;https:\/\/www.euroexemplo.com\/novo\/wp-content\/uploads\/2020\/09\/header_1.jpg&#8221; custom_padding=&#8221;||270px|||&#8221;][\/et_pb_fullwidth_header][\/et_pb_section][et_pb_section fb_built=&#8221;1&#8243; admin_label=&#8221;section&#8221; _builder_version=&#8221;4.4.8&#8243; background_enable_image_tablet=&#8221;off&#8221; transparent_background=&#8221;off&#8221; background_image=&#8221;https:\/\/www.euroexemplo.com\/novo\/wp-content\/uploads\/2020\/09\/BK_4.png&#8221; background_last_edited=&#8221;on|phone&#8221;][et_pb_row admin_label=&#8221;row&#8221; _builder_version=&#8221;3.25&#8243; background_size=&#8221;initial&#8221; background_position=&#8221;top_left&#8221; background_repeat=&#8221;repeat&#8221; custom_padding=&#8221;110px|||||&#8221;][et_pb_column type=&#8221;4_4&#8243; _builder_version=&#8221;3.25&#8243; custom_padding=&#8221;|||&#8221; custom_padding__hover=&#8221;|||&#8221;][et_pb_text _builder_version=&#8221;4.4.8&#8243; custom_margin=&#8221;||0px||false|false&#8221;]<\/p>\n<h1>Miss\u00e3o<\/h1>\n<p>[\/et_pb_text][et_pb_divider divider_weight=&#8221;4px&#8221; _builder_version=&#8221;4.4.8&#8243; width=&#8221;10%&#8221; animation_style=&#8221;zoom&#8221; locked=&#8221;off&#8221;][\/et_pb_divider][et_pb_text _builder_version=&#8221;4.4.8&#8243;]<\/p>\n<h1><span style=\"font-size: 14px; text-align: justify; color: #666666; font-weight: 500;\">Analisando os resultados do nosso diagnostico de necessidades de forma\u00e7\u00e3o na nossa \u00e1rea de interven\u00e7\u00e3o verificamos que existe um \u00edndice de desemprego elevado, falta de qualifica\u00e7\u00e3o profissional, bem como, uma insufici\u00eancia a n\u00edvel da escolaridade. Estas s\u00e3o algumas das raz\u00f5es, que julgamos, relevantes e propositadas ao pretendermos, contribuir para minimizar essas problem\u00e1ticas, podendo assim influenciar e enriquecer a sociedade em que todos fazemos parte integrante.<\/span><\/h1>\n<p style=\"text-align: justify;\">As consequ\u00eancias sociais da baixa qualifica\u00e7\u00e3o profissional, s\u00e3o tamb\u00e9m uma das nossas principais motiva\u00e7\u00f5es e informam a nossa vontade de interven\u00e7\u00e3o. Assim pensamos dar respostas na e \u00e0 comunidade no sentido de, por um lado, proporcionar forma\u00e7\u00e3o profissional e por outro proporcionar a dupla certifica\u00e7\u00e3o, ou seja profissional e qualificante a n\u00edvel acad\u00e9mico a um p\u00fablico mais carenciado nomeadamente: minorias \u00e9tnicas, toxicodependentes em recupera\u00e7\u00e3o, prostitui\u00e7\u00e3o, jovens em risco e jovens \u00e0 procura do primeiro emprego; favorecendo e proporcionando a este tipo de popula\u00e7\u00e3o, igualdade de oportunidades.<\/p>\n<p style=\"text-align: justify;\"><strong>Pretendemos assim contribuir para uma sociedade mais justa e adequada aos nossos tempos, reduzindo o d\u00e9fice de qualifica\u00e7\u00f5es escolares e profissional e consequentemente melhorar as condi\u00e7\u00f5es de emprego, proporcionar a oferta integrada de educa\u00e7\u00e3o e forma\u00e7\u00e3o a adultos maiores de 18 anos e pouco qualificados.<\/strong><\/p>\n<p style=\"text-align: justify;\"><strong><\/strong><\/p>\n<p style=\"text-align: justify;\"><strong><\/strong><\/p>\n<p style=\"text-align: justify;\"><strong><\/strong><\/p>\n<p style=\"text-align: justify;\"><strong><\/strong><\/p>\n<p style=\"text-align: justify;\"><strong><\/strong><\/p>\n<p style=\"text-align: justify;\"><strong><\/strong><\/p>\n<p style=\"text-align: justify;\"><strong><\/strong><\/p>\n<p style=\"text-align: justify;\"><strong><\/strong><\/p>\n<p style=\"text-align: justify;\"><strong><\/strong><\/p>\n<p style=\"text-align: justify;\"><strong><\/strong><\/p>\n<p style=\"text-align: justify;\"><strong><\/strong><\/p>\n<p style=\"text-align: justify;\"><strong><\/strong><\/p>\n<p style=\"text-align: justify;\"><strong><\/strong><\/p>\n<p>[\/et_pb_text][\/et_pb_column][\/et_pb_row][\/et_pb_section]<\/p>\n","protected":false},"excerpt":{"rendered":"<p>Miss\u00e3oAnalisando os resultados do nosso diagnostico de necessidades de forma\u00e7\u00e3o na nossa \u00e1rea de interven\u00e7\u00e3o verificamos que existe um \u00edndice de desemprego elevado, falta de qualifica\u00e7\u00e3o profissional, bem como, uma insufici\u00eancia a n\u00edvel da escolaridade. Estas s\u00e3o algumas das raz\u00f5es, que julgamos, relevantes e propositadas ao pretendermos, contribuir para minimizar essas problem\u00e1ticas, podendo assim influenciar [&hellip;]<\/p>\n","protected":false},"author":2,"featured_media":0,"parent":0,"menu_order":0,"comment_status":"closed","ping_status":"closed","template":"","meta":{"_et_pb_use_builder":"on","_et_pb_old_content":"","_et_gb_content_width":"","footnotes":""},"class_list":["post-389","page","type-page","status-publish","hentry"],"_links":{"self":[{"href":"https:\/\/www.euroexemplo.com\/index.php?rest_route=\/wp\/v2\/pages\/389","targetHints":{"allow":["GET"]}}],"collection":[{"href":"https:\/\/www.euroexemplo.com\/index.php?rest_route=\/wp\/v2\/pages"}],"about":[{"href":"https:\/\/www.euroexemplo.com\/index.php?rest_route=\/wp\/v2\/types\/page"}],"author":[{"embeddable":true,"href":"https:\/\/www.euroexemplo.com\/index.php?rest_route=\/wp\/v2\/users\/2"}],"replies":[{"embeddable":true,"href":"https:\/\/www.euroexemplo.com\/index.php?rest_route=%2Fwp%2Fv2%2Fcomments&post=389"}],"version-history":[{"count":9,"href":"https:\/\/www.euroexemplo.com\/index.php?rest_route=\/wp\/v2\/pages\/389\/revisions"}],"predecessor-version":[{"id":518,"href":"https:\/\/www.euroexemplo.com\/index.php?rest_route=\/wp\/v2\/pages\/389\/revisions\/518"}],"wp:attachment":[{"href":"https:\/\/www.euroexemplo.com\/index.php?rest_route=%2Fwp%2Fv2%2Fmedia&parent=389"}],"curies":[{"name":"wp","href":"https:\/\/api.w.org\/{rel}","templated":true}]}}