{"id":404,"date":"2020-09-02T10:21:34","date_gmt":"2020-09-02T10:21:34","guid":{"rendered":"https:\/\/demo.pedroferraz.pt\/euroexemplo\/?page_id=404"},"modified":"2020-09-02T14:43:47","modified_gmt":"2020-09-02T14:43:47","slug":"parcerias","status":"publish","type":"page","link":"https:\/\/www.euroexemplo.com\/?page_id=404","title":{"rendered":"Parcerias"},"content":{"rendered":"<p>[et_pb_section fb_built=&#8221;1&#8243; fullwidth=&#8221;on&#8221; _builder_version=&#8221;4.4.8&#8243;][et_pb_fullwidth_header _builder_version=&#8221;4.4.8&#8243; background_color=&#8221;#ffffff&#8221; background_color_gradient_direction=&#8221;146deg&#8221; background_image=&#8221;https:\/\/www.euroexemplo.com\/novo\/wp-content\/uploads\/2020\/09\/header_1.jpg&#8221; custom_padding=&#8221;||270px|||&#8221;][\/et_pb_fullwidth_header][\/et_pb_section][et_pb_section fb_built=&#8221;1&#8243; admin_label=&#8221;section&#8221; _builder_version=&#8221;4.4.8&#8243; background_enable_image_tablet=&#8221;off&#8221; transparent_background=&#8221;off&#8221; background_image=&#8221;https:\/\/www.euroexemplo.com\/novo\/wp-content\/uploads\/2020\/09\/BK_4.png&#8221; background_last_edited=&#8221;on|phone&#8221;][et_pb_row column_structure=&#8221;1_2,1_2&#8243; admin_label=&#8221;row&#8221; _builder_version=&#8221;3.25&#8243; background_size=&#8221;initial&#8221; background_position=&#8221;top_left&#8221; background_repeat=&#8221;repeat&#8221; custom_padding=&#8221;110px|||||&#8221;][et_pb_column type=&#8221;1_2&#8243; _builder_version=&#8221;3.25&#8243; custom_padding=&#8221;|||&#8221; custom_padding__hover=&#8221;|||&#8221;][et_pb_text _builder_version=&#8221;4.4.8&#8243; custom_margin=&#8221;||0px||false|false&#8221;]<\/p>\n<h1>Parcerias<\/h1>\n<p>[\/et_pb_text][et_pb_divider divider_weight=&#8221;4px&#8221; _builder_version=&#8221;4.4.8&#8243; width=&#8221;17%&#8221; animation_style=&#8221;zoom&#8221; locked=&#8221;off&#8221;][\/et_pb_divider][et_pb_text _builder_version=&#8221;4.4.8&#8243;]<\/p>\n<ul>\n<li style=\"text-align: justify;\">Associa\u00e7\u00e3o Exist\u00eancias<\/li>\n<li style=\"text-align: justify;\">Centro Ludico Social e Cultural de Vilar Formoso<\/li>\n<li style=\"text-align: justify;\">Associa\u00e7\u00e3o Novo Olhar<\/li>\n<li style=\"text-align: justify;\">CEIFAC &#8211; Centro Integrado de Apoio Familiar de Coimbra<\/li>\n<li style=\"text-align: justify;\">Associa\u00e7\u00e3o Social Recreativa e Cultural Cigana de Coimbra<\/li>\n<li style=\"text-align: justify;\">CNO Escola EB 2\/3 Fernando Namora<\/li>\n<li style=\"text-align: justify;\">CNO Escola Secund\u00e1ria de Jaime Cortes\u00e3o<\/li>\n<li style=\"text-align: justify;\">CNO Cruz Vermelha Portuguesa Figueira da Foz<\/li>\n<li style=\"text-align: justify;\">CNO NERGA &#8211; Associa\u00e7\u00e3o Empresarial da Regi\u00e3o da Guarda<\/li>\n<li style=\"text-align: justify;\">CNO CFAD &#8211; Centro de Forma\u00e7\u00e3o Assist\u00eancia e Desenvolvimento<\/li>\n<li style=\"text-align: justify;\">Escola EB2\/3de Taveiro<\/li>\n<li style=\"text-align: justify;\">Camara Municipal da Mealhada<\/li>\n<li style=\"text-align: justify;\">Direc\u00e7\u00e3o Geral de Reinser\u00e7\u00e3o Social<\/li>\n<li style=\"text-align: justify;\">Ces\u00e1rio &amp; Ces\u00e1rio<\/li>\n<\/ul>\n<p>[\/et_pb_text][\/et_pb_column][et_pb_column type=&#8221;1_2&#8243; _builder_version=&#8221;3.25&#8243; custom_padding=&#8221;|||&#8221; custom_padding__hover=&#8221;|||&#8221;][et_pb_image src=&#8221;https:\/\/www.euroexemplo.com\/novo\/wp-content\/uploads\/2020\/09\/img_4.jpg&#8221; title_text=&#8221;sl_3&#8243; _builder_version=&#8221;4.4.8&#8243;][\/et_pb_image][\/et_pb_column][\/et_pb_row][\/et_pb_section]<\/p>\n","protected":false},"excerpt":{"rendered":"<p>Parcerias Associa\u00e7\u00e3o Exist\u00eancias Centro Ludico Social e Cultural de Vilar Formoso Associa\u00e7\u00e3o Novo Olhar CEIFAC &#8211; Centro Integrado de Apoio Familiar de Coimbra Associa\u00e7\u00e3o Social Recreativa e Cultural Cigana de Coimbra CNO Escola EB 2\/3 Fernando Namora CNO Escola Secund\u00e1ria de Jaime Cortes\u00e3o CNO Cruz Vermelha Portuguesa Figueira da Foz CNO NERGA &#8211; Associa\u00e7\u00e3o Empresarial [&hellip;]<\/p>\n","protected":false},"author":2,"featured_media":0,"parent":0,"menu_order":0,"comment_status":"closed","ping_status":"closed","template":"","meta":{"_et_pb_use_builder":"on","_et_pb_old_content":"","_et_gb_content_width":"","footnotes":""},"class_list":["post-404","page","type-page","status-publish","hentry"],"_links":{"self":[{"href":"https:\/\/www.euroexemplo.com\/index.php?rest_route=\/wp\/v2\/pages\/404","targetHints":{"allow":["GET"]}}],"collection":[{"href":"https:\/\/www.euroexemplo.com\/index.php?rest_route=\/wp\/v2\/pages"}],"about":[{"href":"https:\/\/www.euroexemplo.com\/index.php?rest_route=\/wp\/v2\/types\/page"}],"author":[{"embeddable":true,"href":"https:\/\/www.euroexemplo.com\/index.php?rest_route=\/wp\/v2\/users\/2"}],"replies":[{"embeddable":true,"href":"https:\/\/www.euroexemplo.com\/index.php?rest_route=%2Fwp%2Fv2%2Fcomments&post=404"}],"version-history":[{"count":7,"href":"https:\/\/www.euroexemplo.com\/index.php?rest_route=\/wp\/v2\/pages\/404\/revisions"}],"predecessor-version":[{"id":522,"href":"https:\/\/www.euroexemplo.com\/index.php?rest_route=\/wp\/v2\/pages\/404\/revisions\/522"}],"wp:attachment":[{"href":"https:\/\/www.euroexemplo.com\/index.php?rest_route=%2Fwp%2Fv2%2Fmedia&parent=404"}],"curies":[{"name":"wp","href":"https:\/\/api.w.org\/{rel}","templated":true}]}}