{"id":73,"date":"2017-02-16T11:05:21","date_gmt":"2017-02-16T11:05:21","guid":{"rendered":"https:\/\/demo.pedroferraz.pt\/euroexemplo\/?page_id=73"},"modified":"2020-09-23T10:49:51","modified_gmt":"2020-09-23T10:49:51","slug":"quem-somos","status":"publish","type":"page","link":"https:\/\/www.euroexemplo.com\/?page_id=73","title":{"rendered":"Quem somos"},"content":{"rendered":"<p>[et_pb_section fb_built=&#8221;1&#8243; fullwidth=&#8221;on&#8221; _builder_version=&#8221;4.4.8&#8243;][et_pb_fullwidth_header _builder_version=&#8221;4.4.8&#8243; background_color=&#8221;#ffffff&#8221; background_color_gradient_direction=&#8221;146deg&#8221; background_image=&#8221;https:\/\/www.euroexemplo.com\/novo\/wp-content\/uploads\/2020\/09\/header_1.jpg&#8221; custom_padding=&#8221;||270px|||&#8221;][\/et_pb_fullwidth_header][\/et_pb_section][et_pb_section fb_built=&#8221;1&#8243; admin_label=&#8221;section&#8221; _builder_version=&#8221;4.4.8&#8243; background_image=&#8221;https:\/\/www.euroexemplo.com\/novo\/wp-content\/uploads\/2020\/09\/BK_4.png&#8221; background_last_edited=&#8221;on|phone&#8221; background_enable_image_tablet=&#8221;off&#8221; transparent_background=&#8221;off&#8221;][et_pb_row column_structure=&#8221;1_2,1_2&#8243; admin_label=&#8221;row&#8221; _builder_version=&#8221;3.25&#8243; background_size=&#8221;initial&#8221; background_position=&#8221;top_left&#8221; background_repeat=&#8221;repeat&#8221; custom_padding=&#8221;110px|||||&#8221;][et_pb_column type=&#8221;1_2&#8243; _builder_version=&#8221;3.25&#8243; custom_padding=&#8221;|||&#8221; custom_padding__hover=&#8221;|||&#8221;][et_pb_text _builder_version=&#8221;4.4.8&#8243; custom_margin=&#8221;||0px||false|false&#8221;]<\/p>\n<h1>Quem Somos<\/h1>\n<p>[\/et_pb_text][et_pb_divider divider_weight=&#8221;4px&#8221; _builder_version=&#8221;4.4.8&#8243; width=&#8221;17%&#8221; animation_style=&#8221;zoom&#8221;][\/et_pb_divider][et_pb_text admin_label=&#8221;Historial &#8221; _builder_version=&#8221;3.27.4&#8243; background_size=&#8221;initial&#8221; background_position=&#8221;top_left&#8221; background_repeat=&#8221;repeat&#8221; use_border_color=&#8221;off&#8221; border_style=&#8221;solid&#8221;]<\/p>\n<h1 style=\"text-align: justify;\"><span style=\"font-size: 14px; text-align: justify; color: #666666; font-weight: 500;\">A EuroExemplo \u00e9 uma empresa acreditada pelo DGERT (Direc\u00e7\u00e3o Geral do Emprego e das Rela\u00e7\u00f5es de Trabalho) que objectiva o desenvolvimento de forma\u00e7\u00e3o, constituindo-se assim como um centro de refer\u00eancia na forma\u00e7\u00e3o profissional. Com este objectivo a entidade pretende ter como centro da sua actividade ac\u00e7\u00f5es e programas de certifica\u00e7\u00e3o de compet\u00eancias, no \u00e2mbito do plano nacional de certifica\u00e7\u00e3o de compet\u00eancias e forma\u00e7\u00e3o aberta ao p\u00fablico em geral.<\/span><\/h1>\n<p style=\"text-align: justify;\">Acreditamos que a forma\u00e7\u00e3o e certifica\u00e7\u00e3o profissionais dos nossos recursos humanos far\u00e1 deste centro um exemplo de excel\u00eancia na implementa\u00e7\u00e3o desses objectivos essencialmente no concelho de Coimbra e lim\u00edtrofes.<\/p>\n<p>&nbsp;<\/p>\n<p>[\/et_pb_text][\/et_pb_column][et_pb_column type=&#8221;1_2&#8243; _builder_version=&#8221;3.25&#8243; custom_padding=&#8221;|||&#8221; custom_padding__hover=&#8221;|||&#8221;][et_pb_image src=&#8221;https:\/\/www.euroexemplo.com\/novo\/wp-content\/uploads\/2020\/09\/img_6.jpg&#8221; title_text=&#8221;img_1&#8243; _builder_version=&#8221;4.4.8&#8243;][\/et_pb_image][\/et_pb_column][\/et_pb_row][\/et_pb_section][et_pb_section fb_built=&#8221;1&#8243; _builder_version=&#8221;4.4.8&#8243;][et_pb_row column_structure=&#8221;1_2,1_2&#8243; _builder_version=&#8221;4.4.8&#8243;][et_pb_column type=&#8221;1_2&#8243; _builder_version=&#8221;4.4.8&#8243;][et_pb_image src=&#8221;https:\/\/www.euroexemplo.com\/novo\/wp-content\/uploads\/2020\/09\/img_7.jpg&#8221; title_text=&#8221;img_2&#8243; _builder_version=&#8221;4.4.8&#8243;][\/et_pb_image][\/et_pb_column][et_pb_column type=&#8221;1_2&#8243; _builder_version=&#8221;4.4.8&#8243;][et_pb_text _builder_version=&#8221;4.4.8&#8243;]<\/p>\n<p style=\"text-align: justify;\">A nossa estrat\u00e9gia \u00e9 ser um centro de forma\u00e7\u00e3o profissional de alta qualidade. A planifica\u00e7\u00e3o e gest\u00e3o de uma empresa deve considerar cen\u00e1rios alternativos para o seu sucesso e crescimento e diversificar as suas \u00e1reas de interven\u00e7\u00e3o, por isso a nossa estrat\u00e9gia aposta em dois eixos de forma\u00e7\u00e3o e considera financiamentos p\u00fablicos e privados.<\/p>\n<p style=\"text-align: justify;\">Considerando a nossa miss\u00e3o social, queremos ser um centro de forma\u00e7\u00e3o de excel\u00eancia. Teremos um segundo eixo de actividade, tamb\u00e9m no \u00e2mbito da qualifica\u00e7\u00e3o continua de recursos humanos, que passar\u00e1 por ac\u00e7\u00f5es de forma\u00e7\u00e3o de aperfei\u00e7oamento e forma\u00e7\u00e3o continua, dirigidas ao publico em geral, considerando o financiamento privado em que os formandos financiam a sua forma\u00e7\u00e3o (ou inter empresas) e possivelmente a m\u00e9dio prazo, financiamento publico, atrav\u00e9s de financiamentos do Fundo Social Europeu (FSE) que venham a ser disponibilizados para Portugal.<\/p>\n<p>[\/et_pb_text][\/et_pb_column][\/et_pb_row][\/et_pb_section]<\/p>\n","protected":false},"excerpt":{"rendered":"<p>Quem SomosA EuroExemplo \u00e9 uma empresa acreditada pelo DGERT (Direc\u00e7\u00e3o Geral do Emprego e das Rela\u00e7\u00f5es de Trabalho) que objectiva o desenvolvimento de forma\u00e7\u00e3o, constituindo-se assim como um centro de refer\u00eancia na forma\u00e7\u00e3o profissional. Com este objectivo a entidade pretende ter como centro da sua actividade ac\u00e7\u00f5es e programas de certifica\u00e7\u00e3o de compet\u00eancias, no \u00e2mbito [&hellip;]<\/p>\n","protected":false},"author":1,"featured_media":0,"parent":0,"menu_order":0,"comment_status":"closed","ping_status":"closed","template":"","meta":{"_et_pb_use_builder":"on","_et_pb_old_content":"","_et_gb_content_width":"","footnotes":""},"class_list":["post-73","page","type-page","status-publish","hentry"],"_links":{"self":[{"href":"https:\/\/www.euroexemplo.com\/index.php?rest_route=\/wp\/v2\/pages\/73","targetHints":{"allow":["GET"]}}],"collection":[{"href":"https:\/\/www.euroexemplo.com\/index.php?rest_route=\/wp\/v2\/pages"}],"about":[{"href":"https:\/\/www.euroexemplo.com\/index.php?rest_route=\/wp\/v2\/types\/page"}],"author":[{"embeddable":true,"href":"https:\/\/www.euroexemplo.com\/index.php?rest_route=\/wp\/v2\/users\/1"}],"replies":[{"embeddable":true,"href":"https:\/\/www.euroexemplo.com\/index.php?rest_route=%2Fwp%2Fv2%2Fcomments&post=73"}],"version-history":[{"count":35,"href":"https:\/\/www.euroexemplo.com\/index.php?rest_route=\/wp\/v2\/pages\/73\/revisions"}],"predecessor-version":[{"id":530,"href":"https:\/\/www.euroexemplo.com\/index.php?rest_route=\/wp\/v2\/pages\/73\/revisions\/530"}],"wp:attachment":[{"href":"https:\/\/www.euroexemplo.com\/index.php?rest_route=%2Fwp%2Fv2%2Fmedia&parent=73"}],"curies":[{"name":"wp","href":"https:\/\/api.w.org\/{rel}","templated":true}]}}